{"id":988,"date":"2023-11-24T17:17:58","date_gmt":"2023-11-24T17:17:58","guid":{"rendered":"https:\/\/aecasquilhos.pt\/?page_id=988"},"modified":"2025-06-27T22:02:48","modified_gmt":"2025-06-27T22:02:48","slug":"manuais-escolares","status":"publish","type":"page","link":"https:\/\/aecasquilhos.pt\/?page_id=988","title":{"rendered":"Manuais Escolares"},"content":{"rendered":"\t\t<div data-elementor-type=\"wp-page\" data-elementor-id=\"988\" class=\"elementor elementor-988\">\n\t\t\t\t<div class=\"elementor-element elementor-element-4767f20f e-flex e-con-boxed wpr-particle-no wpr-jarallax-no wpr-parallax-no wpr-sticky-section-no e-con e-parent\" data-id=\"4767f20f\" data-element_type=\"container\" data-e-type=\"container\">\n\t\t\t\t\t<div class=\"e-con-inner\">\n\t\t\t\t<div class=\"elementor-element elementor-element-52e4c9ca elementor-widget elementor-widget-heading\" data-id=\"52e4c9ca\" data-element_type=\"widget\" data-e-type=\"widget\" data-widget_type=\"heading.default\">\n\t\t\t\t<div class=\"elementor-widget-container\">\n\t\t\t\t\t<h2 class=\"elementor-heading-title elementor-size-default\">MANUAIS ESCOLARES<\/h2>\t\t\t\t<\/div>\n\t\t\t\t<\/div>\n\t\t\t\t\t<\/div>\n\t\t\t\t<\/div>\n\t\t<div class=\"elementor-element elementor-element-868477e e-flex e-con-boxed wpr-particle-no wpr-jarallax-no wpr-parallax-no wpr-sticky-section-no e-con e-parent\" data-id=\"868477e\" data-element_type=\"container\" data-e-type=\"container\">\n\t\t\t\t\t<div class=\"e-con-inner\">\n\t\t<div class=\"elementor-element elementor-element-ca9d649 e-con-full e-flex wpr-particle-no wpr-jarallax-no wpr-parallax-no wpr-sticky-section-no e-con e-child\" data-id=\"ca9d649\" data-element_type=\"container\" data-e-type=\"container\">\n\t\t\t\t<\/div>\n\t\t<div class=\"elementor-element elementor-element-268cee2 e-con-full e-flex wpr-particle-no wpr-jarallax-no wpr-parallax-no wpr-sticky-section-no e-con e-child\" data-id=\"268cee2\" data-element_type=\"container\" data-e-type=\"container\">\n\t\t\t\t<div class=\"elementor-element elementor-element-ec07800 elementor-widget elementor-widget-image\" data-id=\"ec07800\" data-element_type=\"widget\" data-e-type=\"widget\" data-widget_type=\"image.default\">\n\t\t\t\t<div class=\"elementor-widget-container\">\n\t\t\t\t\t\t\t\t\t\t\t\t\t\t\t<img fetchpriority=\"high\" decoding=\"async\" width=\"1200\" height=\"806\" src=\"https:\/\/aecasquilhos.pt\/wp-content\/uploads\/2024\/01\/comment-couvrir-livre-facilement.jpg\" class=\"attachment-full size-full wp-image-2869\" alt=\"\" srcset=\"https:\/\/aecasquilhos.pt\/wp-content\/uploads\/2024\/01\/comment-couvrir-livre-facilement.jpg 1200w, https:\/\/aecasquilhos.pt\/wp-content\/uploads\/2024\/01\/comment-couvrir-livre-facilement-300x202.jpg 300w, https:\/\/aecasquilhos.pt\/wp-content\/uploads\/2024\/01\/comment-couvrir-livre-facilement-1024x688.jpg 1024w, https:\/\/aecasquilhos.pt\/wp-content\/uploads\/2024\/01\/comment-couvrir-livre-facilement-768x516.jpg 768w\" sizes=\"(max-width: 1200px) 100vw, 1200px\" \/>\t\t\t\t\t\t\t\t\t\t\t\t\t\t\t<\/div>\n\t\t\t\t<\/div>\n\t\t\t\t<\/div>\n\t\t<div class=\"elementor-element elementor-element-92d6801 e-con-full e-flex wpr-particle-no wpr-jarallax-no wpr-parallax-no wpr-sticky-section-no e-con e-child\" data-id=\"92d6801\" data-element_type=\"container\" data-e-type=\"container\">\n\t\t\t\t<\/div>\n\t\t\t\t\t<\/div>\n\t\t\t\t<\/div>\n\t\t<div class=\"elementor-element elementor-element-b28391f e-flex e-con-boxed wpr-particle-no wpr-jarallax-no wpr-parallax-no wpr-sticky-section-no e-con e-parent\" data-id=\"b28391f\" data-element_type=\"container\" data-e-type=\"container\">\n\t\t\t\t\t<div class=\"e-con-inner\">\n\t\t\t\t<div class=\"elementor-element elementor-element-5e1f593 elementor-widget elementor-widget-text-editor\" data-id=\"5e1f593\" data-element_type=\"widget\" data-e-type=\"widget\" data-widget_type=\"text-editor.default\">\n\t\t\t\t<div class=\"elementor-widget-container\">\n\t\t\t\t\t\t\t\t\t<p style=\"text-align: center;\"><strong><span style=\"font-family: arial, helvetica, sans-serif; font-size: 18pt;\">Manuais Adotados &#8211; Ano Letivo 2025 &#8211; 2026<\/span><\/strong><\/p>\t\t\t\t\t\t\t\t<\/div>\n\t\t\t\t<\/div>\n\t\t\t\t\t<\/div>\n\t\t\t\t<\/div>\n\t\t<div class=\"elementor-element elementor-element-b570faf e-flex e-con-boxed wpr-particle-no wpr-jarallax-no wpr-parallax-no wpr-sticky-section-no e-con e-parent\" data-id=\"b570faf\" data-element_type=\"container\" data-e-type=\"container\">\n\t\t\t\t\t<div class=\"e-con-inner\">\n\t\t\t\t<div class=\"elementor-element elementor-element-8c00c8a elementor-widget elementor-widget-text-editor\" data-id=\"8c00c8a\" data-element_type=\"widget\" data-e-type=\"widget\" data-widget_type=\"text-editor.default\">\n\t\t\t\t<div class=\"elementor-widget-container\">\n\t\t\t\t\t\t\t\t\t<p style=\"text-align: center;\"><span style=\"font-family: arial, helvetica, sans-serif; color: #d23e17;\"><a style=\"color: #d23e17;\" href=\"https:\/\/aecasquilhos.pt\/wp-content\/uploads\/2025\/06\/Manuais_Adotados-1oC-Francisca-Azambuja.pdf\">EB Francisca Azambuja<\/a><\/span><\/p><p style=\"text-align: center;\"><span style=\"font-family: arial, helvetica, sans-serif; color: #d23e17;\"><a style=\"color: #d23e17;\" href=\"https:\/\/aecasquilhos.pt\/wp-content\/uploads\/2025\/06\/Manuais_Adotados-1ociclo-Henrique-Galvao.pdf\">EB Henrique Galv\u00e3o<\/a><\/span><\/p><p style=\"text-align: center;\"><span style=\"font-family: arial, helvetica, sans-serif; color: #d23e17;\"><a style=\"color: #d23e17;\" href=\"https:\/\/aecasquilhos.pt\/wp-content\/uploads\/2025\/06\/Manuais_Adotados-1ociclo-Palhais.pdf\">EB Palhais<\/a><\/span><\/p><p style=\"text-align: center;\"><span style=\"font-family: arial, helvetica, sans-serif; color: #d23e17;\"><a style=\"color: #d23e17;\" href=\"https:\/\/aecasquilhos.pt\/wp-content\/uploads\/2025\/06\/Manuais_Adotados-EBQNT.pdf\">EB Quinta Nova da Telha<\/a><\/span><\/p><p style=\"text-align: center;\"><span style=\"font-family: arial, helvetica, sans-serif; color: #d23e17;\"><a style=\"color: #d23e17;\" href=\"https:\/\/aecasquilhos.pt\/wp-content\/uploads\/2025\/06\/Manuais_Adotados-ESC.pdf\">ES Casquilhos<\/a><\/span><\/p>\t\t\t\t\t\t\t\t<\/div>\n\t\t\t\t<\/div>\n\t\t\t\t\t<\/div>\n\t\t\t\t<\/div>\n\t\t<div class=\"elementor-element elementor-element-cdef5e6 e-flex e-con-boxed wpr-particle-no wpr-jarallax-no wpr-parallax-no wpr-sticky-section-no e-con e-parent\" data-id=\"cdef5e6\" data-element_type=\"container\" data-e-type=\"container\">\n\t\t\t\t\t<div class=\"e-con-inner\">\n\t\t<div class=\"elementor-element elementor-element-d22e72d e-con-full e-flex wpr-particle-no wpr-jarallax-no wpr-parallax-no wpr-sticky-section-no e-con e-child\" data-id=\"d22e72d\" data-element_type=\"container\" data-e-type=\"container\">\n\t\t\t\t<\/div>\n\t\t<div class=\"elementor-element elementor-element-aca90d0 e-con-full e-flex wpr-particle-no wpr-jarallax-no wpr-parallax-no wpr-sticky-section-no e-con e-child\" data-id=\"aca90d0\" data-element_type=\"container\" data-e-type=\"container\">\n\t\t\t\t<div class=\"elementor-element elementor-element-2dc0b17 elementor-widget elementor-widget-image\" data-id=\"2dc0b17\" data-element_type=\"widget\" data-e-type=\"widget\" data-widget_type=\"image.default\">\n\t\t\t\t<div class=\"elementor-widget-container\">\n\t\t\t\t\t\t\t\t\t\t\t\t\t\t\t<img decoding=\"async\" width=\"720\" height=\"405\" src=\"https:\/\/aecasquilhos.pt\/wp-content\/uploads\/2023\/11\/mega_logo.png\" class=\"attachment-full size-full wp-image-871\" alt=\"\" srcset=\"https:\/\/aecasquilhos.pt\/wp-content\/uploads\/2023\/11\/mega_logo.png 720w, https:\/\/aecasquilhos.pt\/wp-content\/uploads\/2023\/11\/mega_logo-300x169.png 300w\" sizes=\"(max-width: 720px) 100vw, 720px\" \/>\t\t\t\t\t\t\t\t\t\t\t\t\t\t\t<\/div>\n\t\t\t\t<\/div>\n\t\t\t\t<\/div>\n\t\t<div class=\"elementor-element elementor-element-f9e0c89 e-con-full e-flex wpr-particle-no wpr-jarallax-no wpr-parallax-no wpr-sticky-section-no e-con e-child\" data-id=\"f9e0c89\" data-element_type=\"container\" data-e-type=\"container\">\n\t\t\t\t<\/div>\n\t\t\t\t\t<\/div>\n\t\t\t\t<\/div>\n\t\t<div class=\"elementor-element elementor-element-3cecff73 e-flex e-con-boxed wpr-particle-no wpr-jarallax-no wpr-parallax-no wpr-sticky-section-no e-con e-parent\" data-id=\"3cecff73\" data-element_type=\"container\" data-e-type=\"container\">\n\t\t\t\t\t<div class=\"e-con-inner\">\n\t\t\t\t<div class=\"elementor-element elementor-element-338a3f98 elementor-widget elementor-widget-text-editor\" data-id=\"338a3f98\" data-element_type=\"widget\" data-e-type=\"widget\" data-widget_type=\"text-editor.default\">\n\t\t\t\t<div class=\"elementor-widget-container\">\n\t\t\t\t\t\t\t\t\t<p style=\"font-weight: 400; text-align: center;\"><span style=\"font-family: arial, helvetica, sans-serif;\">Os\u00a0<strong><em>Vouchers<\/em><\/strong> incluem livros novos, a levantar em qualquer livraria aderente, ou reutilizados a levantar no AEC <strong><span style=\"font-size: 10pt;\">(Agrupamento de Escolas de Casquilhos)<\/span><\/strong><\/span><\/p><p style=\"font-weight: 400; text-align: center;\"><span style=\"font-family: arial, helvetica, sans-serif;\">Op\u00e7\u00e3o de impress\u00e3o, nesta plataforma<strong><span style=\"font-size: 10pt;\"> (se necess\u00e1rio, contacte os servi\u00e7os administrativos do AEC)<\/span><\/strong>\u00a0<\/span><\/p><p style=\"font-weight: 400; text-align: center;\"><span style=\"font-family: arial, helvetica, sans-serif;\"><strong>Observa\u00e7\u00e3o: <\/strong>Os livros s\u00e3o cedidos pelo Estado, a t\u00edtulo gratuito e devem ser cuidados, de modo a serem devolvidos no final do ano escolar, em condi\u00e7\u00f5es de poderem ser reutilizados.<\/span><\/p><p style=\"font-weight: 400; text-align: center;\"><span style=\"font-family: arial, helvetica, sans-serif;\">Fa\u00e7a o seu <strong>Download<\/strong>:\u00a0<\/span><\/p>\t\t\t\t\t\t\t\t<\/div>\n\t\t\t\t<\/div>\n\t\t\t\t\t<\/div>\n\t\t\t\t<\/div>\n\t\t<div class=\"elementor-element elementor-element-7a80beb e-flex e-con-boxed wpr-particle-no wpr-jarallax-no wpr-parallax-no wpr-sticky-section-no e-con e-parent\" data-id=\"7a80beb\" data-element_type=\"container\" data-e-type=\"container\">\n\t\t\t\t\t<div class=\"e-con-inner\">\n\t\t\t\t<div class=\"elementor-element elementor-element-b8884d9 elementor-widget elementor-widget-image\" data-id=\"b8884d9\" data-element_type=\"widget\" data-e-type=\"widget\" data-widget_type=\"image.default\">\n\t\t\t\t<div class=\"elementor-widget-container\">\n\t\t\t\t\t\t\t\t\t\t\t\t\t\t\t\t<a href=\"https:\/\/get.adobe.com\/br\/reader\/\">\n\t\t\t\t\t\t\t<img decoding=\"async\" width=\"208\" height=\"213\" src=\"https:\/\/aecasquilhos.pt\/wp-content\/uploads\/2023\/11\/adobe-pdf-reader.png\" class=\"attachment-full size-full wp-image-996\" alt=\"\" \/>\t\t\t\t\t\t\t\t<\/a>\n\t\t\t\t\t\t\t\t\t\t\t\t\t\t\t<\/div>\n\t\t\t\t<\/div>\n\t\t\t\t\t<\/div>\n\t\t\t\t<\/div>\n\t\t\t\t<\/div>\n\t\t","protected":false},"excerpt":{"rendered":"<p>MANUAIS ESCOLARES Manuais Adotados &#8211; Ano Letivo 2025 &#8211; 2026 EB Francisca Azambuja EB Henrique Galv\u00e3o EB Palhais EB Quinta Nova da Telha ES Casquilhos Os\u00a0Vouchers incluem livros novos, a levantar em qualquer livraria aderente, ou reutilizados a levantar no AEC (Agrupamento de Escolas de Casquilhos) Op\u00e7\u00e3o de impress\u00e3o, nesta plataforma (se necess\u00e1rio, contacte os servi\u00e7os administrativos do AEC)\u00a0 Observa\u00e7\u00e3o: Os livros s\u00e3o cedidos pelo Estado, a t\u00edtulo gratuito e devem ser cuidados, de modo a serem devolvidos no final do ano escolar, em condi\u00e7\u00f5es de poderem ser reutilizados. Fa\u00e7a o seu Download:\u00a0<\/p>\n","protected":false},"author":1,"featured_media":0,"parent":0,"menu_order":0,"comment_status":"closed","ping_status":"closed","template":"","meta":{"iawp_total_views":3119,"footnotes":""},"class_list":["post-988","page","type-page","status-publish","hentry"],"yoast_head":"<!-- This site is optimized with the Yoast SEO plugin v27.3 - https:\/\/yoast.com\/product\/yoast-seo-wordpress\/ -->\n<title>Manuais Escolares - AE Casquilhos<\/title>\n<meta name=\"robots\" content=\"index, follow, max-snippet:-1, max-image-preview:large, max-video-preview:-1\" \/>\n<link rel=\"canonical\" href=\"https:\/\/aecasquilhos.pt\/?page_id=988\" \/>\n<meta property=\"og:locale\" content=\"pt_PT\" \/>\n<meta property=\"og:type\" content=\"article\" \/>\n<meta property=\"og:title\" content=\"Manuais Escolares - AE Casquilhos\" \/>\n<meta property=\"og:description\" content=\"MANUAIS ESCOLARES Manuais Adotados &#8211; Ano Letivo 2025 &#8211; 2026 EB Francisca Azambuja EB Henrique Galv\u00e3o EB Palhais EB Quinta Nova da Telha ES Casquilhos Os\u00a0Vouchers incluem livros novos, a levantar em qualquer livraria aderente, ou reutilizados a levantar no AEC (Agrupamento de Escolas de Casquilhos) Op\u00e7\u00e3o de impress\u00e3o, nesta plataforma (se necess\u00e1rio, contacte os servi\u00e7os administrativos do AEC)\u00a0 Observa\u00e7\u00e3o: Os livros s\u00e3o cedidos pelo Estado, a t\u00edtulo gratuito e devem ser cuidados, de modo a serem devolvidos no final do ano escolar, em condi\u00e7\u00f5es de poderem ser reutilizados. Fa\u00e7a o seu Download:\u00a0\" \/>\n<meta property=\"og:url\" content=\"https:\/\/aecasquilhos.pt\/?page_id=988\" \/>\n<meta property=\"og:site_name\" content=\"AE Casquilhos\" \/>\n<meta property=\"article:modified_time\" content=\"2025-06-27T22:02:48+00:00\" \/>\n<meta property=\"og:image\" content=\"https:\/\/aecasquilhos.pt\/wp-content\/uploads\/2024\/01\/comment-couvrir-livre-facilement.jpg\" \/>\n\t<meta property=\"og:image:width\" content=\"1200\" \/>\n\t<meta property=\"og:image:height\" content=\"806\" \/>\n\t<meta property=\"og:image:type\" content=\"image\/jpeg\" \/>\n<meta name=\"twitter:card\" content=\"summary_large_image\" \/>\n<meta name=\"twitter:label1\" content=\"Tempo estimado de leitura\" \/>\n\t<meta name=\"twitter:data1\" content=\"2 minutos\" \/>\n<script type=\"application\/ld+json\" class=\"yoast-schema-graph\">{\"@context\":\"https:\\\/\\\/schema.org\",\"@graph\":[{\"@type\":\"WebPage\",\"@id\":\"https:\\\/\\\/aecasquilhos.pt\\\/?page_id=988\",\"url\":\"https:\\\/\\\/aecasquilhos.pt\\\/?page_id=988\",\"name\":\"Manuais Escolares - AE Casquilhos\",\"isPartOf\":{\"@id\":\"https:\\\/\\\/aecasquilhos.pt\\\/#website\"},\"primaryImageOfPage\":{\"@id\":\"https:\\\/\\\/aecasquilhos.pt\\\/?page_id=988#primaryimage\"},\"image\":{\"@id\":\"https:\\\/\\\/aecasquilhos.pt\\\/?page_id=988#primaryimage\"},\"thumbnailUrl\":\"https:\\\/\\\/aecasquilhos.pt\\\/wp-content\\\/uploads\\\/2024\\\/01\\\/comment-couvrir-livre-facilement.jpg\",\"datePublished\":\"2023-11-24T17:17:58+00:00\",\"dateModified\":\"2025-06-27T22:02:48+00:00\",\"breadcrumb\":{\"@id\":\"https:\\\/\\\/aecasquilhos.pt\\\/?page_id=988#breadcrumb\"},\"inLanguage\":\"pt-PT\",\"potentialAction\":[{\"@type\":\"ReadAction\",\"target\":[\"https:\\\/\\\/aecasquilhos.pt\\\/?page_id=988\"]}]},{\"@type\":\"ImageObject\",\"inLanguage\":\"pt-PT\",\"@id\":\"https:\\\/\\\/aecasquilhos.pt\\\/?page_id=988#primaryimage\",\"url\":\"https:\\\/\\\/aecasquilhos.pt\\\/wp-content\\\/uploads\\\/2024\\\/01\\\/comment-couvrir-livre-facilement.jpg\",\"contentUrl\":\"https:\\\/\\\/aecasquilhos.pt\\\/wp-content\\\/uploads\\\/2024\\\/01\\\/comment-couvrir-livre-facilement.jpg\",\"width\":1200,\"height\":806},{\"@type\":\"BreadcrumbList\",\"@id\":\"https:\\\/\\\/aecasquilhos.pt\\\/?page_id=988#breadcrumb\",\"itemListElement\":[{\"@type\":\"ListItem\",\"position\":1,\"name\":\"In\u00edcio\",\"item\":\"https:\\\/\\\/aecasquilhos.pt\\\/\"},{\"@type\":\"ListItem\",\"position\":2,\"name\":\"Manuais Escolares\"}]},{\"@type\":\"WebSite\",\"@id\":\"https:\\\/\\\/aecasquilhos.pt\\\/#website\",\"url\":\"https:\\\/\\\/aecasquilhos.pt\\\/\",\"name\":\"AE Casquilhos\",\"description\":\"Site do Agrupamento de Escolas de Casquilhos\",\"publisher\":{\"@id\":\"https:\\\/\\\/aecasquilhos.pt\\\/#organization\"},\"alternateName\":\"Agrupamento de Escolas de Casquilhos\",\"potentialAction\":[{\"@type\":\"SearchAction\",\"target\":{\"@type\":\"EntryPoint\",\"urlTemplate\":\"https:\\\/\\\/aecasquilhos.pt\\\/?s={search_term_string}\"},\"query-input\":{\"@type\":\"PropertyValueSpecification\",\"valueRequired\":true,\"valueName\":\"search_term_string\"}}],\"inLanguage\":\"pt-PT\"},{\"@type\":\"Organization\",\"@id\":\"https:\\\/\\\/aecasquilhos.pt\\\/#organization\",\"name\":\"Agrupamento de Escolas de Casquilhos\",\"url\":\"https:\\\/\\\/aecasquilhos.pt\\\/\",\"logo\":{\"@type\":\"ImageObject\",\"inLanguage\":\"pt-PT\",\"@id\":\"https:\\\/\\\/aecasquilhos.pt\\\/#\\\/schema\\\/logo\\\/image\\\/\",\"url\":\"https:\\\/\\\/aecasquilhos.pt\\\/wp-content\\\/uploads\\\/2023\\\/11\\\/cropped-Imologo-AECasquilhos-1.png\",\"contentUrl\":\"https:\\\/\\\/aecasquilhos.pt\\\/wp-content\\\/uploads\\\/2023\\\/11\\\/cropped-Imologo-AECasquilhos-1.png\",\"width\":512,\"height\":512,\"caption\":\"Agrupamento de Escolas de Casquilhos\"},\"image\":{\"@id\":\"https:\\\/\\\/aecasquilhos.pt\\\/#\\\/schema\\\/logo\\\/image\\\/\"}}]}<\/script>\n<!-- \/ Yoast SEO plugin. -->","yoast_head_json":{"title":"Manuais Escolares - AE Casquilhos","robots":{"index":"index","follow":"follow","max-snippet":"max-snippet:-1","max-image-preview":"max-image-preview:large","max-video-preview":"max-video-preview:-1"},"canonical":"https:\/\/aecasquilhos.pt\/?page_id=988","og_locale":"pt_PT","og_type":"article","og_title":"Manuais Escolares - AE Casquilhos","og_description":"MANUAIS ESCOLARES Manuais Adotados &#8211; Ano Letivo 2025 &#8211; 2026 EB Francisca Azambuja EB Henrique Galv\u00e3o EB Palhais EB Quinta Nova da Telha ES Casquilhos Os\u00a0Vouchers incluem livros novos, a levantar em qualquer livraria aderente, ou reutilizados a levantar no AEC (Agrupamento de Escolas de Casquilhos) Op\u00e7\u00e3o de impress\u00e3o, nesta plataforma (se necess\u00e1rio, contacte os servi\u00e7os administrativos do AEC)\u00a0 Observa\u00e7\u00e3o: Os livros s\u00e3o cedidos pelo Estado, a t\u00edtulo gratuito e devem ser cuidados, de modo a serem devolvidos no final do ano escolar, em condi\u00e7\u00f5es de poderem ser reutilizados. Fa\u00e7a o seu Download:\u00a0","og_url":"https:\/\/aecasquilhos.pt\/?page_id=988","og_site_name":"AE Casquilhos","article_modified_time":"2025-06-27T22:02:48+00:00","og_image":[{"width":1200,"height":806,"url":"https:\/\/aecasquilhos.pt\/wp-content\/uploads\/2024\/01\/comment-couvrir-livre-facilement.jpg","type":"image\/jpeg"}],"twitter_card":"summary_large_image","twitter_misc":{"Tempo estimado de leitura":"2 minutos"},"schema":{"@context":"https:\/\/schema.org","@graph":[{"@type":"WebPage","@id":"https:\/\/aecasquilhos.pt\/?page_id=988","url":"https:\/\/aecasquilhos.pt\/?page_id=988","name":"Manuais Escolares - AE Casquilhos","isPartOf":{"@id":"https:\/\/aecasquilhos.pt\/#website"},"primaryImageOfPage":{"@id":"https:\/\/aecasquilhos.pt\/?page_id=988#primaryimage"},"image":{"@id":"https:\/\/aecasquilhos.pt\/?page_id=988#primaryimage"},"thumbnailUrl":"https:\/\/aecasquilhos.pt\/wp-content\/uploads\/2024\/01\/comment-couvrir-livre-facilement.jpg","datePublished":"2023-11-24T17:17:58+00:00","dateModified":"2025-06-27T22:02:48+00:00","breadcrumb":{"@id":"https:\/\/aecasquilhos.pt\/?page_id=988#breadcrumb"},"inLanguage":"pt-PT","potentialAction":[{"@type":"ReadAction","target":["https:\/\/aecasquilhos.pt\/?page_id=988"]}]},{"@type":"ImageObject","inLanguage":"pt-PT","@id":"https:\/\/aecasquilhos.pt\/?page_id=988#primaryimage","url":"https:\/\/aecasquilhos.pt\/wp-content\/uploads\/2024\/01\/comment-couvrir-livre-facilement.jpg","contentUrl":"https:\/\/aecasquilhos.pt\/wp-content\/uploads\/2024\/01\/comment-couvrir-livre-facilement.jpg","width":1200,"height":806},{"@type":"BreadcrumbList","@id":"https:\/\/aecasquilhos.pt\/?page_id=988#breadcrumb","itemListElement":[{"@type":"ListItem","position":1,"name":"In\u00edcio","item":"https:\/\/aecasquilhos.pt\/"},{"@type":"ListItem","position":2,"name":"Manuais Escolares"}]},{"@type":"WebSite","@id":"https:\/\/aecasquilhos.pt\/#website","url":"https:\/\/aecasquilhos.pt\/","name":"AE Casquilhos","description":"Site do Agrupamento de Escolas de Casquilhos","publisher":{"@id":"https:\/\/aecasquilhos.pt\/#organization"},"alternateName":"Agrupamento de Escolas de Casquilhos","potentialAction":[{"@type":"SearchAction","target":{"@type":"EntryPoint","urlTemplate":"https:\/\/aecasquilhos.pt\/?s={search_term_string}"},"query-input":{"@type":"PropertyValueSpecification","valueRequired":true,"valueName":"search_term_string"}}],"inLanguage":"pt-PT"},{"@type":"Organization","@id":"https:\/\/aecasquilhos.pt\/#organization","name":"Agrupamento de Escolas de Casquilhos","url":"https:\/\/aecasquilhos.pt\/","logo":{"@type":"ImageObject","inLanguage":"pt-PT","@id":"https:\/\/aecasquilhos.pt\/#\/schema\/logo\/image\/","url":"https:\/\/aecasquilhos.pt\/wp-content\/uploads\/2023\/11\/cropped-Imologo-AECasquilhos-1.png","contentUrl":"https:\/\/aecasquilhos.pt\/wp-content\/uploads\/2023\/11\/cropped-Imologo-AECasquilhos-1.png","width":512,"height":512,"caption":"Agrupamento de Escolas de Casquilhos"},"image":{"@id":"https:\/\/aecasquilhos.pt\/#\/schema\/logo\/image\/"}}]}},"rttpg_featured_image_url":null,"rttpg_author":{"display_name":"admin01","author_link":"https:\/\/aecasquilhos.pt\/?author=1"},"rttpg_comment":0,"rttpg_category":null,"rttpg_excerpt":"MANUAIS ESCOLARES Manuais Adotados &#8211; Ano Letivo 2025 &#8211; 2026 EB Francisca Azambuja EB Henrique Galv\u00e3o EB Palhais EB Quinta Nova da Telha ES Casquilhos Os\u00a0Vouchers incluem livros novos, a levantar em qualquer livraria aderente, ou reutilizados a levantar no AEC (Agrupamento de Escolas de Casquilhos) Op\u00e7\u00e3o de impress\u00e3o, nesta plataforma (se necess\u00e1rio, contacte os&hellip;","_links":{"self":[{"href":"https:\/\/aecasquilhos.pt\/index.php?rest_route=\/wp\/v2\/pages\/988","targetHints":{"allow":["GET"]}}],"collection":[{"href":"https:\/\/aecasquilhos.pt\/index.php?rest_route=\/wp\/v2\/pages"}],"about":[{"href":"https:\/\/aecasquilhos.pt\/index.php?rest_route=\/wp\/v2\/types\/page"}],"author":[{"embeddable":true,"href":"https:\/\/aecasquilhos.pt\/index.php?rest_route=\/wp\/v2\/users\/1"}],"replies":[{"embeddable":true,"href":"https:\/\/aecasquilhos.pt\/index.php?rest_route=%2Fwp%2Fv2%2Fcomments&post=988"}],"version-history":[{"count":0,"href":"https:\/\/aecasquilhos.pt\/index.php?rest_route=\/wp\/v2\/pages\/988\/revisions"}],"wp:attachment":[{"href":"https:\/\/aecasquilhos.pt\/index.php?rest_route=%2Fwp%2Fv2%2Fmedia&parent=988"}],"curies":[{"name":"wp","href":"https:\/\/api.w.org\/{rel}","templated":true}]}}