{"id":117,"date":"2023-11-11T02:09:32","date_gmt":"2023-11-11T02:09:32","guid":{"rendered":"https:\/\/aecasquilhos.pt\/?page_id=117"},"modified":"2025-09-19T17:42:21","modified_gmt":"2025-09-19T17:42:21","slug":"refeitorio","status":"publish","type":"page","link":"https:\/\/aecasquilhos.pt\/?page_id=117","title":{"rendered":"Hor\u00e1rios dos Servi\u00e7os"},"content":{"rendered":"\t\t<div data-elementor-type=\"wp-page\" data-elementor-id=\"117\" class=\"elementor elementor-117\">\n\t\t\t\t<div class=\"elementor-element elementor-element-12d51d6 e-flex e-con-boxed wpr-particle-no wpr-jarallax-no wpr-parallax-no wpr-sticky-section-no e-con e-parent\" data-id=\"12d51d6\" data-element_type=\"container\" data-e-type=\"container\">\n\t\t\t\t\t<div class=\"e-con-inner\">\n\t\t\t\t<div class=\"elementor-element elementor-element-5a23534 elementor-widget elementor-widget-heading\" data-id=\"5a23534\" data-element_type=\"widget\" data-e-type=\"widget\" data-widget_type=\"heading.default\">\n\t\t\t\t<div class=\"elementor-widget-container\">\n\t\t\t\t\t<h1 class=\"elementor-heading-title elementor-size-default\">HOR\u00c1RIOS DOS SERVI\u00c7OS<\/h1>\t\t\t\t<\/div>\n\t\t\t\t<\/div>\n\t\t\t\t\t<\/div>\n\t\t\t\t<\/div>\n\t\t<div class=\"elementor-element elementor-element-a990b68 e-flex e-con-boxed wpr-particle-no wpr-jarallax-no wpr-parallax-no wpr-sticky-section-no e-con e-parent\" data-id=\"a990b68\" data-element_type=\"container\" data-e-type=\"container\">\n\t\t\t\t\t<div class=\"e-con-inner\">\n\t\t\t\t<div class=\"elementor-element elementor-element-ad0d895 elementor-widget elementor-widget-text-editor\" data-id=\"ad0d895\" data-element_type=\"widget\" data-e-type=\"widget\" data-widget_type=\"text-editor.default\">\n\t\t\t\t<div class=\"elementor-widget-container\">\n\t\t\t\t\t\t\t\t\t<p><span style=\"font-size: 14pt;\"><strong><span style=\"font-family: arial, helvetica, sans-serif;\">ESCOLA SECUND\u00c1RIA DE CASQUILHOS<\/span><\/strong><\/span><\/p>\t\t\t\t\t\t\t\t<\/div>\n\t\t\t\t<\/div>\n\t\t\t\t\t<\/div>\n\t\t\t\t<\/div>\n\t\t<div class=\"elementor-element elementor-element-08a6f2b e-flex e-con-boxed wpr-particle-no wpr-jarallax-no wpr-parallax-no wpr-sticky-section-no e-con e-parent\" data-id=\"08a6f2b\" data-element_type=\"container\" data-e-type=\"container\">\n\t\t\t\t\t<div class=\"e-con-inner\">\n\t\t<div class=\"elementor-element elementor-element-3859856 e-con-full e-flex wpr-particle-no wpr-jarallax-no wpr-parallax-no wpr-sticky-section-no e-con e-child\" data-id=\"3859856\" data-element_type=\"container\" data-e-type=\"container\">\n\t\t\t\t<\/div>\n\t\t<div class=\"elementor-element elementor-element-cff15d8 e-con-full e-flex wpr-particle-no wpr-jarallax-no wpr-parallax-no wpr-sticky-section-no e-con e-child\" data-id=\"cff15d8\" data-element_type=\"container\" data-e-type=\"container\">\n\t\t\t\t<div class=\"elementor-element elementor-element-4d2a0a8 elementor-widget elementor-widget-text-editor\" data-id=\"4d2a0a8\" data-element_type=\"widget\" data-e-type=\"widget\" data-widget_type=\"text-editor.default\">\n\t\t\t\t<div class=\"elementor-widget-container\">\n\t\t\t\t\t\t\t\t\t<table style=\"border-collapse: collapse; width: 100%; height: 408px;\"><tbody><tr style=\"height: 48px;\"><td style=\"width: 50.3774%; text-align: center; height: 48px;\"><span style=\"font-family: arial, helvetica, sans-serif;\">BAR<\/span><\/td><td style=\"width: 49.6226%; text-align: center; height: 48px;\"><span style=\"font-family: arial, helvetica, sans-serif;\">08:45 &#8211; 15:30<\/span><\/td><\/tr><tr style=\"height: 48px;\"><td style=\"width: 50.3774%; text-align: center; height: 48px;\"><span style=\"font-family: arial, helvetica, sans-serif;\">REFEIT\u00d3RIO<\/span><\/td><td style=\"width: 49.6226%; text-align: center; height: 48px;\"><span style=\"font-family: arial, helvetica, sans-serif;\">12:45 &#8211; 14:15<\/span><\/td><\/tr><tr style=\"height: 48px;\"><td style=\"width: 50.3774%; text-align: center; height: 48px;\"><span style=\"font-family: arial, helvetica, sans-serif;\">BIBLIOTECA<\/span><\/td><td style=\"width: 49.6226%; text-align: center; height: 48px;\"><span style=\"font-family: arial, helvetica, sans-serif;\">09:00 &#8211; 17:00<\/span><\/td><\/tr><tr><td style=\"width: 50.3774%; text-align: center;\"><span style=\"font-family: arial, helvetica, sans-serif;\">PAPELARIA\/REPROGRAFIA<\/span><\/td><td style=\"width: 49.6226%; text-align: center;\"><span style=\"font-family: arial, helvetica, sans-serif;\">08:00 &#8211; 12:00 \/ 13:00 &#8211; 16:00<\/span><\/td><\/tr><tr><td style=\"width: 50.3774%; text-align: center;\"><span style=\"font-family: arial, helvetica, sans-serif;\">SECRETARIA<\/span><\/td><td style=\"width: 49.6226%; text-align: center;\"><span style=\"font-family: arial, helvetica, sans-serif;\">09:30 &#8211; 12:00 \/ 14:00 &#8211; 16:30<\/span><\/td><\/tr><tr><td style=\"width: 50.3774%; text-align: center;\"><span style=\"font-family: arial, helvetica, sans-serif;\">SASE<\/span><\/td><td style=\"width: 49.6226%; text-align: center;\"><span style=\"font-family: arial, helvetica, sans-serif;\">10:00 &#8211; 12:00 \/ 14:00 &#8211; 16:30<\/span><\/td><\/tr><\/tbody><\/table>\t\t\t\t\t\t\t\t<\/div>\n\t\t\t\t<\/div>\n\t\t\t\t<\/div>\n\t\t<div class=\"elementor-element elementor-element-6cf0121 e-con-full e-flex wpr-particle-no wpr-jarallax-no wpr-parallax-no wpr-sticky-section-no e-con e-child\" data-id=\"6cf0121\" data-element_type=\"container\" data-e-type=\"container\">\n\t\t\t\t<\/div>\n\t\t\t\t\t<\/div>\n\t\t\t\t<\/div>\n\t\t<div class=\"elementor-element elementor-element-9b04452 e-flex e-con-boxed wpr-particle-no wpr-jarallax-no wpr-parallax-no wpr-sticky-section-no e-con e-parent\" data-id=\"9b04452\" data-element_type=\"container\" data-e-type=\"container\">\n\t\t\t\t\t<div class=\"e-con-inner\">\n\t\t\t\t<div class=\"elementor-element elementor-element-bbf8c6b elementor-widget elementor-widget-text-editor\" data-id=\"bbf8c6b\" data-element_type=\"widget\" data-e-type=\"widget\" data-widget_type=\"text-editor.default\">\n\t\t\t\t<div class=\"elementor-widget-container\">\n\t\t\t\t\t\t\t\t\t<p><strong><span style=\"font-family: arial, helvetica, sans-serif; font-size: 14pt;\">ESCOLA B\u00c1SICA DA QUINTA NOVA DA TELHA<\/span><\/strong><\/p>\t\t\t\t\t\t\t\t<\/div>\n\t\t\t\t<\/div>\n\t\t\t\t\t<\/div>\n\t\t\t\t<\/div>\n\t\t<div class=\"elementor-element elementor-element-122476f e-flex e-con-boxed wpr-particle-no wpr-jarallax-no wpr-parallax-no wpr-sticky-section-no e-con e-parent\" data-id=\"122476f\" data-element_type=\"container\" data-e-type=\"container\">\n\t\t\t\t\t<div class=\"e-con-inner\">\n\t\t<div class=\"elementor-element elementor-element-bf2f46f e-con-full e-flex wpr-particle-no wpr-jarallax-no wpr-parallax-no wpr-sticky-section-no e-con e-child\" data-id=\"bf2f46f\" data-element_type=\"container\" data-e-type=\"container\">\n\t\t\t\t<\/div>\n\t\t<div class=\"elementor-element elementor-element-30759c0 e-con-full e-flex wpr-particle-no wpr-jarallax-no wpr-parallax-no wpr-sticky-section-no e-con e-child\" data-id=\"30759c0\" data-element_type=\"container\" data-e-type=\"container\">\n\t\t\t\t<div class=\"elementor-element elementor-element-d0fedaa elementor-widget elementor-widget-text-editor\" data-id=\"d0fedaa\" data-element_type=\"widget\" data-e-type=\"widget\" data-widget_type=\"text-editor.default\">\n\t\t\t\t<div class=\"elementor-widget-container\">\n\t\t\t\t\t\t\t\t\t<table style=\"border-collapse: collapse; width: 100%; height: 408px;\"><tbody><tr style=\"height: 48px;\"><td style=\"width: 50.3774%; text-align: center; height: 48px;\"><span style=\"font-family: arial, helvetica, sans-serif;\">BAR<\/span><\/td><td style=\"width: 49.6226%; text-align: center; height: 48px;\"><span style=\"font-family: arial, helvetica, sans-serif;\">09:00 &#8211; 12:00 \/ 14:00 &#8211; 15:45<\/span><\/td><\/tr><tr style=\"height: 48px;\"><td style=\"width: 50.3774%; text-align: center; height: 48px;\"><span style=\"font-family: arial, helvetica, sans-serif;\">REFEIT\u00d3RIO<\/span><\/td><td style=\"width: 49.6226%; text-align: center; height: 48px;\"><span style=\"font-family: arial, helvetica, sans-serif;\">12:00 &#8211; 14:00<\/span>\u00a0<\/td><\/tr><tr style=\"height: 48px;\"><td style=\"width: 50.3774%; text-align: center; height: 48px;\"><span style=\"font-family: arial, helvetica, sans-serif;\">BIBLIOTECA<\/span><\/td><td style=\"width: 49.6226%; text-align: center; height: 48px;\"><span style=\"font-family: arial, helvetica, sans-serif;\">08:20 &#8211; 12:20 \/ 13:35 &#8211; 16:00<\/span> *<\/td><\/tr><tr><td style=\"width: 50.3774%; text-align: center;\"><span style=\"font-family: arial, helvetica, sans-serif;\">PAPELARIA\/REPROGRAFIA<\/span><\/td><td style=\"width: 49.6226%; text-align: center;\"><span style=\"font-family: arial, helvetica, sans-serif;\">08:30 &#8211; 12:00 \/ 13:00 &#8211; 16:00<\/span><\/td><\/tr><tr><td style=\"width: 50.3774%; text-align: center;\"><span style=\"font-family: arial, helvetica, sans-serif;\">SECRETARIA<\/span><\/td><td style=\"width: 49.6226%; text-align: center;\"><p><span style=\"font-family: arial, helvetica, sans-serif;\">09:30 &#8211; 12:00 \/ 14:00 &#8211; 16:30<\/span><\/p><p><span style=\"font-family: arial, helvetica, sans-serif;\"><span style=\"font-size: 10pt;\">(Esc. Sec. Casquilhos)<\/span><\/span><\/p><\/td><\/tr><tr><td style=\"width: 50.3774%; text-align: center;\"><span style=\"font-family: arial, helvetica, sans-serif;\">SASE<\/span><\/td><td style=\"width: 49.6226%; text-align: center;\"><p><span style=\"font-family: arial, helvetica, sans-serif;\">10:00 &#8211; 12:00 \/ 14:00 &#8211; 16:30<\/span><\/p><p><span style=\"font-family: arial, helvetica, sans-serif;\"><span style=\"font-size: 10pt;\">(Esc. Sec. Casquilhos)<\/span><\/span><\/p><\/td><\/tr><\/tbody><\/table>\t\t\t\t\t\t\t\t<\/div>\n\t\t\t\t<\/div>\n\t\t\t\t<\/div>\n\t\t<div class=\"elementor-element elementor-element-a5f1d28 e-con-full e-flex wpr-particle-no wpr-jarallax-no wpr-parallax-no wpr-sticky-section-no e-con e-child\" data-id=\"a5f1d28\" data-element_type=\"container\" data-e-type=\"container\">\n\t\t\t\t<\/div>\n\t\t\t\t\t<\/div>\n\t\t\t\t<\/div>\n\t\t<div class=\"elementor-element elementor-element-9878bf8 e-flex e-con-boxed wpr-particle-no wpr-jarallax-no wpr-parallax-no wpr-sticky-section-no e-con e-parent\" data-id=\"9878bf8\" data-element_type=\"container\" data-e-type=\"container\">\n\t\t\t\t\t<div class=\"e-con-inner\">\n\t\t\t\t<div class=\"elementor-element elementor-element-f9bb555 elementor-widget elementor-widget-text-editor\" data-id=\"f9bb555\" data-element_type=\"widget\" data-e-type=\"widget\" data-widget_type=\"text-editor.default\">\n\t\t\t\t<div class=\"elementor-widget-container\">\n\t\t\t\t\t\t\t\t\t<p><strong><span style=\"font-family: arial, helvetica, sans-serif; font-size: 14pt;\">ESCOLAS B\u00c1SICAS DO 1\u00ba CICLO <\/span><\/strong><\/p><p><span style=\"font-size: 12pt;\"><strong><span style=\"font-family: arial, helvetica, sans-serif;\">EB FRANCISCA DE AZAMBUJA &#8211; EB HENRIQUE GALV\u00c3O &#8211; EB PALHAIS<\/span><\/strong><\/span><\/p>\t\t\t\t\t\t\t\t<\/div>\n\t\t\t\t<\/div>\n\t\t\t\t\t<\/div>\n\t\t\t\t<\/div>\n\t\t<div class=\"elementor-element elementor-element-6a7f5da e-flex e-con-boxed wpr-particle-no wpr-jarallax-no wpr-parallax-no wpr-sticky-section-no e-con e-parent\" data-id=\"6a7f5da\" data-element_type=\"container\" data-e-type=\"container\">\n\t\t\t\t\t<div class=\"e-con-inner\">\n\t\t<div class=\"elementor-element elementor-element-91a56bd e-con-full e-flex wpr-particle-no wpr-jarallax-no wpr-parallax-no wpr-sticky-section-no e-con e-child\" data-id=\"91a56bd\" data-element_type=\"container\" data-e-type=\"container\">\n\t\t\t\t<\/div>\n\t\t<div class=\"elementor-element elementor-element-16fec3d e-con-full e-flex wpr-particle-no wpr-jarallax-no wpr-parallax-no wpr-sticky-section-no e-con e-child\" data-id=\"16fec3d\" data-element_type=\"container\" data-e-type=\"container\">\n\t\t\t\t<div class=\"elementor-element elementor-element-fa1e10f elementor-widget elementor-widget-text-editor\" data-id=\"fa1e10f\" data-element_type=\"widget\" data-e-type=\"widget\" data-widget_type=\"text-editor.default\">\n\t\t\t\t<div class=\"elementor-widget-container\">\n\t\t\t\t\t\t\t\t\t<table style=\"border-collapse: collapse; width: 100%; height: 256px;\"><tbody><tr style=\"height: 48px;\"><td style=\"width: 50.3774%; text-align: center; height: 48px;\"><span style=\"font-family: arial, helvetica, sans-serif;\">REFEIT\u00d3RIO<\/span><\/td><td style=\"width: 49.6226%; text-align: center; height: 48px;\"><span style=\"font-family: arial, helvetica, sans-serif;\">12:00 &#8211; 13:30<\/span><\/td><\/tr><tr style=\"height: 48px;\"><td style=\"width: 50.3774%; text-align: center; height: 48px;\"><span style=\"font-family: arial, helvetica, sans-serif;\">BIBLIOTECA<\/span><\/td><td style=\"width: 49.6226%; text-align: center; height: 48px;\"><span style=\"font-family: arial, helvetica, sans-serif;\">09:00 &#8211; 12:00 \/ 13:30 &#8211; 15:30<\/span><\/td><\/tr><tr style=\"height: 82px;\"><td style=\"width: 50.3774%; text-align: center; height: 82px;\"><span style=\"font-family: arial, helvetica, sans-serif;\">SECRETARIA\u00a0<\/span><\/td><td style=\"width: 49.6226%; text-align: center; height: 82px;\"><p><span style=\"font-family: arial, helvetica, sans-serif;\">09:30 &#8211; 12:00 \/ 14:15 &#8211; 16:30<\/span><\/p><p><span style=\"font-family: arial, helvetica, sans-serif;\"><span style=\"font-size: 10pt;\">(Esc. Sec. Casquilhos)<\/span>\u00a0<\/span><\/p><\/td><\/tr><tr style=\"height: 78px;\"><td style=\"width: 50.3774%; text-align: center; height: 78px;\"><span style=\"font-family: arial, helvetica, sans-serif;\">SASE<\/span><\/td><td style=\"width: 49.6226%; text-align: center; height: 78px;\"><p><span style=\"font-family: arial, helvetica, sans-serif;\">10:00 &#8211; 12:00 \/ 14:00 &#8211; 16:30<\/span><\/p><p><span style=\"font-family: arial, helvetica, sans-serif;\"><span style=\"font-size: 10pt;\">(Esc. Sec. Casquilhos)<\/span><\/span><\/p><\/td><\/tr><\/tbody><\/table>\t\t\t\t\t\t\t\t<\/div>\n\t\t\t\t<\/div>\n\t\t\t\t<\/div>\n\t\t<div class=\"elementor-element elementor-element-09750fc e-con-full e-flex wpr-particle-no wpr-jarallax-no wpr-parallax-no wpr-sticky-section-no e-con e-child\" data-id=\"09750fc\" data-element_type=\"container\" data-e-type=\"container\">\n\t\t\t\t<\/div>\n\t\t\t\t\t<\/div>\n\t\t\t\t<\/div>\n\t\t\t\t<\/div>\n\t\t","protected":false},"excerpt":{"rendered":"<p>HOR\u00c1RIOS DOS SERVI\u00c7OS ESCOLA SECUND\u00c1RIA DE CASQUILHOS BAR 08:45 &#8211; 15:30 REFEIT\u00d3RIO 12:45 &#8211; 14:15 BIBLIOTECA 09:00 &#8211; 17:00 PAPELARIA\/REPROGRAFIA 08:00 &#8211; 12:00 \/ 13:00 &#8211; 16:00 SECRETARIA 09:30 &#8211; 12:00 \/ 14:00 &#8211; 16:30 SASE 10:00 &#8211; 12:00 \/ 14:00 &#8211; 16:30 ESCOLA B\u00c1SICA DA QUINTA NOVA DA TELHA BAR 09:00 &#8211; 12:00 \/ 14:00 &#8211; 15:45 REFEIT\u00d3RIO 12:00 &#8211; 14:00\u00a0 BIBLIOTECA 08:20 &#8211; 12:20 \/ 13:35 &#8211; 16:00 * PAPELARIA\/REPROGRAFIA 08:30 &#8211; 12:00 \/ 13:00 &#8211; 16:00 SECRETARIA 09:30 &#8211; 12:00 \/ 14:00 &#8211; 16:30 (Esc. Sec. Casquilhos) SASE 10:00 &#8211; 12:00 \/ 14:00 &#8211; 16:30 (Esc. Sec. Casquilhos) ESCOLAS B\u00c1SICAS DO 1\u00ba CICLO EB FRANCISCA DE AZAMBUJA &#8211; EB HENRIQUE GALV\u00c3O &#8211; EB PALHAIS REFEIT\u00d3RIO 12:00 &#8211; 13:30 BIBLIOTECA 09:00 &#8211; 12:00 \/ 13:30 &#8211; 15:30 SECRETARIA\u00a0 09:30 &#8211; 12:00 \/ 14:15 &#8211; 16:30 (Esc. Sec. Casquilhos)\u00a0 SASE 10:00 &#8211; 12:00 \/ 14:00 &#8211; 16:30 (Esc. Sec. Casquilhos)<\/p>\n","protected":false},"author":1,"featured_media":0,"parent":0,"menu_order":0,"comment_status":"closed","ping_status":"closed","template":"","meta":{"iawp_total_views":7310,"footnotes":""},"class_list":["post-117","page","type-page","status-publish","hentry"],"yoast_head":"<!-- This site is optimized with the Yoast SEO plugin v27.3 - https:\/\/yoast.com\/product\/yoast-seo-wordpress\/ -->\n<title>Hor\u00e1rios dos Servi\u00e7os - AE Casquilhos<\/title>\n<meta name=\"robots\" content=\"index, follow, max-snippet:-1, max-image-preview:large, max-video-preview:-1\" \/>\n<link rel=\"canonical\" href=\"https:\/\/aecasquilhos.pt\/?page_id=117\" \/>\n<meta property=\"og:locale\" content=\"pt_PT\" \/>\n<meta property=\"og:type\" content=\"article\" \/>\n<meta property=\"og:title\" content=\"Hor\u00e1rios dos Servi\u00e7os - AE Casquilhos\" \/>\n<meta property=\"og:description\" content=\"HOR\u00c1RIOS DOS SERVI\u00c7OS ESCOLA SECUND\u00c1RIA DE CASQUILHOS BAR 08:45 &#8211; 15:30 REFEIT\u00d3RIO 12:45 &#8211; 14:15 BIBLIOTECA 09:00 &#8211; 17:00 PAPELARIA\/REPROGRAFIA 08:00 &#8211; 12:00 \/ 13:00 &#8211; 16:00 SECRETARIA 09:30 &#8211; 12:00 \/ 14:00 &#8211; 16:30 SASE 10:00 &#8211; 12:00 \/ 14:00 &#8211; 16:30 ESCOLA B\u00c1SICA DA QUINTA NOVA DA TELHA BAR 09:00 &#8211; 12:00 \/ 14:00 &#8211; 15:45 REFEIT\u00d3RIO 12:00 &#8211; 14:00\u00a0 BIBLIOTECA 08:20 &#8211; 12:20 \/ 13:35 &#8211; 16:00 * PAPELARIA\/REPROGRAFIA 08:30 &#8211; 12:00 \/ 13:00 &#8211; 16:00 SECRETARIA 09:30 &#8211; 12:00 \/ 14:00 &#8211; 16:30 (Esc. Sec. Casquilhos) SASE 10:00 &#8211; 12:00 \/ 14:00 &#8211; 16:30 (Esc. Sec. Casquilhos) ESCOLAS B\u00c1SICAS DO 1\u00ba CICLO EB FRANCISCA DE AZAMBUJA &#8211; EB HENRIQUE GALV\u00c3O &#8211; EB PALHAIS REFEIT\u00d3RIO 12:00 &#8211; 13:30 BIBLIOTECA 09:00 &#8211; 12:00 \/ 13:30 &#8211; 15:30 SECRETARIA\u00a0 09:30 &#8211; 12:00 \/ 14:15 &#8211; 16:30 (Esc. Sec. Casquilhos)\u00a0 SASE 10:00 &#8211; 12:00 \/ 14:00 &#8211; 16:30 (Esc. Sec. Casquilhos)\" \/>\n<meta property=\"og:url\" content=\"https:\/\/aecasquilhos.pt\/?page_id=117\" \/>\n<meta property=\"og:site_name\" content=\"AE Casquilhos\" \/>\n<meta property=\"article:modified_time\" content=\"2025-09-19T17:42:21+00:00\" \/>\n<meta name=\"twitter:card\" content=\"summary_large_image\" \/>\n<meta name=\"twitter:label1\" content=\"Tempo estimado de leitura\" \/>\n\t<meta name=\"twitter:data1\" content=\"1 minuto\" \/>\n<script type=\"application\/ld+json\" class=\"yoast-schema-graph\">{\"@context\":\"https:\\\/\\\/schema.org\",\"@graph\":[{\"@type\":\"WebPage\",\"@id\":\"https:\\\/\\\/aecasquilhos.pt\\\/?page_id=117\",\"url\":\"https:\\\/\\\/aecasquilhos.pt\\\/?page_id=117\",\"name\":\"Hor\u00e1rios dos Servi\u00e7os - AE Casquilhos\",\"isPartOf\":{\"@id\":\"https:\\\/\\\/aecasquilhos.pt\\\/#website\"},\"datePublished\":\"2023-11-11T02:09:32+00:00\",\"dateModified\":\"2025-09-19T17:42:21+00:00\",\"breadcrumb\":{\"@id\":\"https:\\\/\\\/aecasquilhos.pt\\\/?page_id=117#breadcrumb\"},\"inLanguage\":\"pt-PT\",\"potentialAction\":[{\"@type\":\"ReadAction\",\"target\":[\"https:\\\/\\\/aecasquilhos.pt\\\/?page_id=117\"]}]},{\"@type\":\"BreadcrumbList\",\"@id\":\"https:\\\/\\\/aecasquilhos.pt\\\/?page_id=117#breadcrumb\",\"itemListElement\":[{\"@type\":\"ListItem\",\"position\":1,\"name\":\"In\u00edcio\",\"item\":\"https:\\\/\\\/aecasquilhos.pt\\\/\"},{\"@type\":\"ListItem\",\"position\":2,\"name\":\"Hor\u00e1rios dos Servi\u00e7os\"}]},{\"@type\":\"WebSite\",\"@id\":\"https:\\\/\\\/aecasquilhos.pt\\\/#website\",\"url\":\"https:\\\/\\\/aecasquilhos.pt\\\/\",\"name\":\"AE Casquilhos\",\"description\":\"Site do Agrupamento de Escolas de Casquilhos\",\"publisher\":{\"@id\":\"https:\\\/\\\/aecasquilhos.pt\\\/#organization\"},\"alternateName\":\"Agrupamento de Escolas de Casquilhos\",\"potentialAction\":[{\"@type\":\"SearchAction\",\"target\":{\"@type\":\"EntryPoint\",\"urlTemplate\":\"https:\\\/\\\/aecasquilhos.pt\\\/?s={search_term_string}\"},\"query-input\":{\"@type\":\"PropertyValueSpecification\",\"valueRequired\":true,\"valueName\":\"search_term_string\"}}],\"inLanguage\":\"pt-PT\"},{\"@type\":\"Organization\",\"@id\":\"https:\\\/\\\/aecasquilhos.pt\\\/#organization\",\"name\":\"Agrupamento de Escolas de Casquilhos\",\"url\":\"https:\\\/\\\/aecasquilhos.pt\\\/\",\"logo\":{\"@type\":\"ImageObject\",\"inLanguage\":\"pt-PT\",\"@id\":\"https:\\\/\\\/aecasquilhos.pt\\\/#\\\/schema\\\/logo\\\/image\\\/\",\"url\":\"https:\\\/\\\/aecasquilhos.pt\\\/wp-content\\\/uploads\\\/2023\\\/11\\\/cropped-Imologo-AECasquilhos-1.png\",\"contentUrl\":\"https:\\\/\\\/aecasquilhos.pt\\\/wp-content\\\/uploads\\\/2023\\\/11\\\/cropped-Imologo-AECasquilhos-1.png\",\"width\":512,\"height\":512,\"caption\":\"Agrupamento de Escolas de Casquilhos\"},\"image\":{\"@id\":\"https:\\\/\\\/aecasquilhos.pt\\\/#\\\/schema\\\/logo\\\/image\\\/\"}}]}<\/script>\n<!-- \/ Yoast SEO plugin. -->","yoast_head_json":{"title":"Hor\u00e1rios dos Servi\u00e7os - AE Casquilhos","robots":{"index":"index","follow":"follow","max-snippet":"max-snippet:-1","max-image-preview":"max-image-preview:large","max-video-preview":"max-video-preview:-1"},"canonical":"https:\/\/aecasquilhos.pt\/?page_id=117","og_locale":"pt_PT","og_type":"article","og_title":"Hor\u00e1rios dos Servi\u00e7os - AE Casquilhos","og_description":"HOR\u00c1RIOS DOS SERVI\u00c7OS ESCOLA SECUND\u00c1RIA DE CASQUILHOS BAR 08:45 &#8211; 15:30 REFEIT\u00d3RIO 12:45 &#8211; 14:15 BIBLIOTECA 09:00 &#8211; 17:00 PAPELARIA\/REPROGRAFIA 08:00 &#8211; 12:00 \/ 13:00 &#8211; 16:00 SECRETARIA 09:30 &#8211; 12:00 \/ 14:00 &#8211; 16:30 SASE 10:00 &#8211; 12:00 \/ 14:00 &#8211; 16:30 ESCOLA B\u00c1SICA DA QUINTA NOVA DA TELHA BAR 09:00 &#8211; 12:00 \/ 14:00 &#8211; 15:45 REFEIT\u00d3RIO 12:00 &#8211; 14:00\u00a0 BIBLIOTECA 08:20 &#8211; 12:20 \/ 13:35 &#8211; 16:00 * PAPELARIA\/REPROGRAFIA 08:30 &#8211; 12:00 \/ 13:00 &#8211; 16:00 SECRETARIA 09:30 &#8211; 12:00 \/ 14:00 &#8211; 16:30 (Esc. Sec. Casquilhos) SASE 10:00 &#8211; 12:00 \/ 14:00 &#8211; 16:30 (Esc. Sec. Casquilhos) ESCOLAS B\u00c1SICAS DO 1\u00ba CICLO EB FRANCISCA DE AZAMBUJA &#8211; EB HENRIQUE GALV\u00c3O &#8211; EB PALHAIS REFEIT\u00d3RIO 12:00 &#8211; 13:30 BIBLIOTECA 09:00 &#8211; 12:00 \/ 13:30 &#8211; 15:30 SECRETARIA\u00a0 09:30 &#8211; 12:00 \/ 14:15 &#8211; 16:30 (Esc. Sec. Casquilhos)\u00a0 SASE 10:00 &#8211; 12:00 \/ 14:00 &#8211; 16:30 (Esc. Sec. Casquilhos)","og_url":"https:\/\/aecasquilhos.pt\/?page_id=117","og_site_name":"AE Casquilhos","article_modified_time":"2025-09-19T17:42:21+00:00","twitter_card":"summary_large_image","twitter_misc":{"Tempo estimado de leitura":"1 minuto"},"schema":{"@context":"https:\/\/schema.org","@graph":[{"@type":"WebPage","@id":"https:\/\/aecasquilhos.pt\/?page_id=117","url":"https:\/\/aecasquilhos.pt\/?page_id=117","name":"Hor\u00e1rios dos Servi\u00e7os - AE Casquilhos","isPartOf":{"@id":"https:\/\/aecasquilhos.pt\/#website"},"datePublished":"2023-11-11T02:09:32+00:00","dateModified":"2025-09-19T17:42:21+00:00","breadcrumb":{"@id":"https:\/\/aecasquilhos.pt\/?page_id=117#breadcrumb"},"inLanguage":"pt-PT","potentialAction":[{"@type":"ReadAction","target":["https:\/\/aecasquilhos.pt\/?page_id=117"]}]},{"@type":"BreadcrumbList","@id":"https:\/\/aecasquilhos.pt\/?page_id=117#breadcrumb","itemListElement":[{"@type":"ListItem","position":1,"name":"In\u00edcio","item":"https:\/\/aecasquilhos.pt\/"},{"@type":"ListItem","position":2,"name":"Hor\u00e1rios dos Servi\u00e7os"}]},{"@type":"WebSite","@id":"https:\/\/aecasquilhos.pt\/#website","url":"https:\/\/aecasquilhos.pt\/","name":"AE Casquilhos","description":"Site do Agrupamento de Escolas de Casquilhos","publisher":{"@id":"https:\/\/aecasquilhos.pt\/#organization"},"alternateName":"Agrupamento de Escolas de Casquilhos","potentialAction":[{"@type":"SearchAction","target":{"@type":"EntryPoint","urlTemplate":"https:\/\/aecasquilhos.pt\/?s={search_term_string}"},"query-input":{"@type":"PropertyValueSpecification","valueRequired":true,"valueName":"search_term_string"}}],"inLanguage":"pt-PT"},{"@type":"Organization","@id":"https:\/\/aecasquilhos.pt\/#organization","name":"Agrupamento de Escolas de Casquilhos","url":"https:\/\/aecasquilhos.pt\/","logo":{"@type":"ImageObject","inLanguage":"pt-PT","@id":"https:\/\/aecasquilhos.pt\/#\/schema\/logo\/image\/","url":"https:\/\/aecasquilhos.pt\/wp-content\/uploads\/2023\/11\/cropped-Imologo-AECasquilhos-1.png","contentUrl":"https:\/\/aecasquilhos.pt\/wp-content\/uploads\/2023\/11\/cropped-Imologo-AECasquilhos-1.png","width":512,"height":512,"caption":"Agrupamento de Escolas de Casquilhos"},"image":{"@id":"https:\/\/aecasquilhos.pt\/#\/schema\/logo\/image\/"}}]}},"rttpg_featured_image_url":null,"rttpg_author":{"display_name":"admin01","author_link":"https:\/\/aecasquilhos.pt\/?author=1"},"rttpg_comment":0,"rttpg_category":null,"rttpg_excerpt":"HOR\u00c1RIOS DOS SERVI\u00c7OS ESCOLA SECUND\u00c1RIA DE CASQUILHOS BAR 08:45 &#8211; 15:30 REFEIT\u00d3RIO 12:45 &#8211; 14:15 BIBLIOTECA 09:00 &#8211; 17:00 PAPELARIA\/REPROGRAFIA 08:00 &#8211; 12:00 \/ 13:00 &#8211; 16:00 SECRETARIA 09:30 &#8211; 12:00 \/ 14:00 &#8211; 16:30 SASE 10:00 &#8211; 12:00 \/ 14:00 &#8211; 16:30 ESCOLA B\u00c1SICA DA QUINTA NOVA DA TELHA BAR 09:00 &#8211; 12:00 \/&hellip;","_links":{"self":[{"href":"https:\/\/aecasquilhos.pt\/index.php?rest_route=\/wp\/v2\/pages\/117","targetHints":{"allow":["GET"]}}],"collection":[{"href":"https:\/\/aecasquilhos.pt\/index.php?rest_route=\/wp\/v2\/pages"}],"about":[{"href":"https:\/\/aecasquilhos.pt\/index.php?rest_route=\/wp\/v2\/types\/page"}],"author":[{"embeddable":true,"href":"https:\/\/aecasquilhos.pt\/index.php?rest_route=\/wp\/v2\/users\/1"}],"replies":[{"embeddable":true,"href":"https:\/\/aecasquilhos.pt\/index.php?rest_route=%2Fwp%2Fv2%2Fcomments&post=117"}],"version-history":[{"count":0,"href":"https:\/\/aecasquilhos.pt\/index.php?rest_route=\/wp\/v2\/pages\/117\/revisions"}],"wp:attachment":[{"href":"https:\/\/aecasquilhos.pt\/index.php?rest_route=%2Fwp%2Fv2%2Fmedia&parent=117"}],"curies":[{"name":"wp","href":"https:\/\/api.w.org\/{rel}","templated":true}]}}